{"id":26209,"date":"2021-09-22T14:20:58","date_gmt":"2021-09-22T12:20:58","guid":{"rendered":"https:\/\/ai4dummies.pl\/?page_id=26209"},"modified":"2021-10-23T18:12:54","modified_gmt":"2021-10-23T16:12:54","slug":"narzedziownia","status":"publish","type":"page","link":"https:\/\/ai4dummies.pl\/?page_id=26209","title":{"rendered":"Narz\u0119dziownia"},"content":{"rendered":"<p>Podr\u0119czniki<br>Poni\u017cej znajduje si\u0119 zestaw dost\u0119pnych &#8222;on line&#8221; publikacji i podr\u0119cznik\u00f3w kt\u00f3re by\u0142y przydatne do tworzenia poszukiwanych rozwi\u0105za\u0144.&nbsp;<\/p>\n<ol>\n<li>&nbsp;<a href=\"https:\/\/statweb.stanford.edu\/~lpekelis\/13_datafest_cart\/WekaManual-3-7-8.pdf\">Weka<\/a> najwa\u017cniejszy nasz podr\u0119cznik<\/li>\n<li>Programowanie w <a href=\"https:\/\/www.computer-pdf.com\/programming\/java\/\">Java<\/a> i nie tylko &#8211; podr\u0119czniki &#8222;for free&#8221;.<\/li>\n<li>podr\u0119cznik <a href=\"https:\/\/kursjava.com\/podstawy-maven\/\">Podstawy Maven<\/a> po polsku<\/li>\n<\/ol>\n<p><\/p>\n\n\n<h1 class=\"wp-block-heading\"><\/h1>\n\n\n<p>Oto s\u0142owo wst\u0119pne<\/p>\n<p>Instalacje<br>Wiadomo, \u017ce jak &#8222;si\u0119 idzie do roboty w po<span style=\"color: #000000;\">le&#8221;, to trzeba mie\u0107 narz\u0119dzia. Tak zawsze m\u00f3wili starsi, wi\u0119c kilka s\u0142\u00f3w o tym co musimy mie\u0107 zainstalowane do naszej pracy. Nie opisujemy jak instalo<\/span>wa\u0107 poniewa\u017c nie warto powiela\u0107 ju\u017c istniej\u0105cych stron www, natomiast wylistujemy to co potrzebne do dalszej nauki i dlaczego:<\/p>\n<ol>\n<li><a href=\"https:\/\/notepad-plus-plus.org\/\">Notepad++<\/a>&nbsp; wszechstronny edytor kt\u00f3ry w pewnym, sensie&nbsp; jest takim szwajcarskim scyzorykiem. Mo\u017cna w nim edytowa\u0107 kod, ale nam pos\u0142u\u017cy do podgl\u0105du danych w plikach.<\/li>\n<li><a href=\"https:\/\/www.jetbrains.com\/idea\/\">IntelliJ<\/a> edytor dla programist\u00f3w Java. (mo\u017cna te\u017c zainstalowa\u0107 Eclipse) . W tym edytorze b\u0119d\u0105 pisane wszystkie nasze programy. Mozna oczywi\u015bcie mo\u017cna korzysta\u0107 z innych edytor\u00f3w jak komu pasuje.<\/li>\n<li><a href=\"https:\/\/github.com\/\">GitHub<\/a> najpopularniejsze repozytorium dla naszych prac kt\u00f3re zabezpieczy nas przed niekontrolowanym skasowaniem z naszego PC<\/li>\n<li><a href=\"https:\/\/www.mysql.com\/\">MySQL<\/a> relacyjna baza danych do zainstalowania jako lokalna (localhost) do test\u00f3w i pracy z danymi.<\/li>\n<li><a href=\"https:\/\/www.mongodb.com\/\">MongoDB<\/a> NoSQL nierelacyjna baza danych instalacja lokalna (localhost) do test\u00f3w i pracy z danymi.<\/li>\n<li><a href=\"https:\/\/www.cs.waikato.ac.nz\/ml\/weka\/\">WEKA<\/a> biblioteka i oprogramowania testowe dla algorytm\u00f3w WEKA. Pozosta\u0142e biblioteki b\u0119dziemy pobiera\u0107 poprzez Maven bezpo\u015brednio do pisanego kodu<\/li>\n<\/ol>\n<p><\/p>\n\n\n<h1 class=\"wp-block-heading\"><\/h1>\n\n\n\n<h1 class=\"wp-block-heading\"><\/h1>\n","protected":false},"excerpt":{"rendered":"<p>Podr\u0119cznikiPoni\u017cej znajduje si\u0119 zestaw dost\u0119pnych &#8222;on line&#8221; publikacji i podr\u0119cznik\u00f3w kt\u00f3re by\u0142y przydatne do tworzenia poszukiwanych rozwi\u0105za\u0144.&nbsp; &nbsp;Weka najwa\u017cniejszy nasz podr\u0119cznik Programowanie w Java i nie tylko &#8211; podr\u0119czniki &#8222;for free&#8221;. podr\u0119cznik Podstawy Maven po polsku Oto s\u0142owo wst\u0119pne InstalacjeWiadomo, \u017ce jak &#8222;si\u0119 idzie do roboty w pole&#8221;, to trzeba mie\u0107 narz\u0119dzia. Tak zawsze m\u00f3wili [&hellip;]<\/p>\n","protected":false},"author":1,"featured_media":0,"parent":0,"menu_order":0,"comment_status":"closed","ping_status":"closed","template":"full-width.php","meta":{"footnotes":""},"class_list":["post-26209","page","type-page","status-publish","hentry"],"_links":{"self":[{"href":"https:\/\/ai4dummies.pl\/index.php?rest_route=\/wp\/v2\/pages\/26209","targetHints":{"allow":["GET"]}}],"collection":[{"href":"https:\/\/ai4dummies.pl\/index.php?rest_route=\/wp\/v2\/pages"}],"about":[{"href":"https:\/\/ai4dummies.pl\/index.php?rest_route=\/wp\/v2\/types\/page"}],"author":[{"embeddable":true,"href":"https:\/\/ai4dummies.pl\/index.php?rest_route=\/wp\/v2\/users\/1"}],"replies":[{"embeddable":true,"href":"https:\/\/ai4dummies.pl\/index.php?rest_route=%2Fwp%2Fv2%2Fcomments&post=26209"}],"version-history":[{"count":23,"href":"https:\/\/ai4dummies.pl\/index.php?rest_route=\/wp\/v2\/pages\/26209\/revisions"}],"predecessor-version":[{"id":26348,"href":"https:\/\/ai4dummies.pl\/index.php?rest_route=\/wp\/v2\/pages\/26209\/revisions\/26348"}],"wp:attachment":[{"href":"https:\/\/ai4dummies.pl\/index.php?rest_route=%2Fwp%2Fv2%2Fmedia&parent=26209"}],"curies":[{"name":"wp","href":"https:\/\/api.w.org\/{rel}","templated":true}]}}