{"id":26010,"date":"2021-09-21T19:29:04","date_gmt":"2021-09-21T17:29:04","guid":{"rendered":"https:\/\/ai4dummies.pl\/?page_id=26010"},"modified":"2021-10-20T19:20:22","modified_gmt":"2021-10-20T17:20:22","slug":"kontakt","status":"publish","type":"page","link":"https:\/\/ai4dummies.pl\/?page_id=26010","title":{"rendered":"Kontakt"},"content":{"rendered":"\n<h4 class=\"has-text-align-center has-ast-global-color-5-color has-ast-global-color-0-background-color has-text-color has-background wp-block-heading\">Kontakt do opinii, uwag lub propozycji autorskiego wpisu<\/h4>\n\n\n<div class=\"wpforms-container wpforms-block\" id=\"wpforms-25675\"><form id=\"wpforms-form-25675\" class=\"wpforms-validate wpforms-form\" data-formid=\"25675\" method=\"post\" enctype=\"multipart\/form-data\" action=\"\/index.php?rest_route=%2Fwp%2Fv2%2Fpages%2F26010\" data-token=\"26bbf09fe3ad4ae52214723656a94f54\" data-token-time=\"1778070871\"><div class=\"wpforms-head-container\"><div class=\"wpforms-title\">Formularz kontaktowy<\/div><\/div><noscript class=\"wpforms-error-noscript\">Aby wype\u0142ni\u0107 ten formularz, w\u0142\u0105cz obs\u0142ug\u0119 JavaScript w przegl\u0105darce.<\/noscript><div class=\"wpforms-field-container\"><div id=\"wpforms-25675-field_0-container\" class=\"wpforms-field wpforms-field-name\" data-field-id=\"0\"><label class=\"wpforms-field-label\" for=\"wpforms-25675-field_0\">Imi\u0119 lub nick <span class=\"wpforms-required-label\">*<\/span><\/label><input type=\"text\" id=\"wpforms-25675-field_0\" class=\"wpforms-field-large wpforms-field-required\" name=\"wpforms[fields][0]\" required><\/div><div id=\"wpforms-25675-field_1-container\" class=\"wpforms-field wpforms-field-email\" data-field-id=\"1\"><label class=\"wpforms-field-label\" for=\"wpforms-25675-field_1\">Email <span class=\"wpforms-required-label\">*<\/span><\/label><input type=\"email\" id=\"wpforms-25675-field_1\" class=\"wpforms-field-large wpforms-field-required\" name=\"wpforms[fields][1]\" spellcheck=\"false\" required><\/div><div id=\"wpforms-25675-field_3-container\" class=\"wpforms-field wpforms-field-text\" data-field-id=\"3\"><label class=\"wpforms-field-label\" for=\"wpforms-25675-field_3\">Temat<\/label><input type=\"text\" id=\"wpforms-25675-field_3\" class=\"wpforms-field-large\" name=\"wpforms[fields][3]\" ><\/div><div id=\"wpforms-25675-field_2-container\" class=\"wpforms-field wpforms-field-textarea\" data-field-id=\"2\"><label class=\"wpforms-field-label\" for=\"wpforms-25675-field_2\">Wiadomo\u015b\u0107 <span class=\"wpforms-required-label\">*<\/span><\/label><textarea id=\"wpforms-25675-field_2\" class=\"wpforms-field-medium wpforms-field-required\" name=\"wpforms[fields][2]\" required><\/textarea><\/div><\/div><!-- .wpforms-field-container --><div class=\"wpforms-field wpforms-field-hp\"><label for=\"wpforms-25675-field-hp\" class=\"wpforms-field-label\">Website<\/label><input type=\"text\" name=\"wpforms[hp]\" id=\"wpforms-25675-field-hp\" class=\"wpforms-field-medium\"><\/div><div class=\"wpforms-submit-container\" ><input type=\"hidden\" name=\"wpforms[id]\" value=\"25675\"><input type=\"hidden\" name=\"page_title\" value=\"\"><input type=\"hidden\" name=\"page_url\" value=\"https:\/\/ai4dummies.pl\/index.php?rest_route=\/wp\/v2\/pages\/26010\"><input type=\"hidden\" name=\"url_referer\" value=\"\"><button type=\"submit\" name=\"wpforms[submit]\" id=\"wpforms-submit-25675\" class=\"wpforms-submit\" data-alt-text=\"Posz\u0142o ;-)\" data-submit-text=\"Wy\u015blij\" aria-live=\"assertive\" value=\"wpforms-submit\">Wy\u015blij<\/button><\/div><\/form><\/div>  <!-- .wpforms-container -->\n\n\n<p><\/p>\n","protected":false},"excerpt":{"rendered":"<p>Kontakt do opinii, uwag lub propozycji autorskiego wpisu<\/p>\n","protected":false},"author":1,"featured_media":0,"parent":0,"menu_order":0,"comment_status":"closed","ping_status":"closed","template":"full-width.php","meta":{"footnotes":""},"class_list":["post-26010","page","type-page","status-publish","hentry"],"_links":{"self":[{"href":"https:\/\/ai4dummies.pl\/index.php?rest_route=\/wp\/v2\/pages\/26010","targetHints":{"allow":["GET"]}}],"collection":[{"href":"https:\/\/ai4dummies.pl\/index.php?rest_route=\/wp\/v2\/pages"}],"about":[{"href":"https:\/\/ai4dummies.pl\/index.php?rest_route=\/wp\/v2\/types\/page"}],"author":[{"embeddable":true,"href":"https:\/\/ai4dummies.pl\/index.php?rest_route=\/wp\/v2\/users\/1"}],"replies":[{"embeddable":true,"href":"https:\/\/ai4dummies.pl\/index.php?rest_route=%2Fwp%2Fv2%2Fcomments&post=26010"}],"version-history":[{"count":3,"href":"https:\/\/ai4dummies.pl\/index.php?rest_route=\/wp\/v2\/pages\/26010\/revisions"}],"predecessor-version":[{"id":26199,"href":"https:\/\/ai4dummies.pl\/index.php?rest_route=\/wp\/v2\/pages\/26010\/revisions\/26199"}],"wp:attachment":[{"href":"https:\/\/ai4dummies.pl\/index.php?rest_route=%2Fwp%2Fv2%2Fmedia&parent=26010"}],"curies":[{"name":"wp","href":"https:\/\/api.w.org\/{rel}","templated":true}]}}