{"id":25975,"date":"2021-09-21T19:29:04","date_gmt":"2021-09-21T17:29:04","guid":{"rendered":"https:\/\/ai4dummies.pl\/?page_id=25975"},"modified":"2021-10-20T19:19:35","modified_gmt":"2021-10-20T17:19:35","slug":"kursy","status":"publish","type":"page","link":"https:\/\/ai4dummies.pl\/?page_id=25975","title":{"rendered":"Kursy"},"content":{"rendered":"\n<p class=\"has-drop-cap has-ast-global-color-0-color has-text-color\">Kursy s\u0105 podzielone na dwie \u015bcie\u017cki. Pierwsza to mo\u017cliwie uproszczona wersja opisu wybranych algorytm\u00f3w wraz z obliczenia &#8222;krok po kroku wykonanymi w Excel. W tej grupie kursu dokonano przegl\u0105du typowych przedstawicieli pewnych grup ML DM wraz z przyk\u0142adowymi obliczeniami.<\/p>\n\n\n\n<p class=\"has-ast-global-color-0-color has-text-color\"><\/p>\n\n\n\n<p class=\"has-drop-cap has-ast-global-color-0-color has-text-color\">Drugi element kurs\u00f3w to &#8222;Zagadnienia&#8221;. W tym zakresie przyj\u0119to za nieistotne pilnowanie jako\u015bci samego kodu natomiast skupiono si\u0119 na opisaniu jak najbardziej przejrzy\u015bcie mo\u017cliwo\u015bciami pobierania danych ich przygotowaniu oraz pobieraniu i  uruchamianiu algorytm\u00f3w z dost\u0119pnych bibliotek. <\/p>\n","protected":false},"excerpt":{"rendered":"<p>Kursy s\u0105 podzielone na dwie \u015bcie\u017cki. Pierwsza to mo\u017cliwie uproszczona wersja opisu wybranych algorytm\u00f3w wraz z obliczenia &#8222;krok po kroku wykonanymi w Excel. W tej grupie kursu dokonano przegl\u0105du typowych przedstawicieli pewnych grup ML DM wraz z przyk\u0142adowymi obliczeniami. Drugi element kurs\u00f3w to &#8222;Zagadnienia&#8221;. W tym zakresie przyj\u0119to za nieistotne pilnowanie jako\u015bci samego kodu natomiast [&hellip;]<\/p>\n","protected":false},"author":1,"featured_media":0,"parent":0,"menu_order":0,"comment_status":"closed","ping_status":"closed","template":"full-width.php","meta":{"footnotes":""},"class_list":["post-25975","page","type-page","status-publish","hentry"],"_links":{"self":[{"href":"https:\/\/ai4dummies.pl\/index.php?rest_route=\/wp\/v2\/pages\/25975","targetHints":{"allow":["GET"]}}],"collection":[{"href":"https:\/\/ai4dummies.pl\/index.php?rest_route=\/wp\/v2\/pages"}],"about":[{"href":"https:\/\/ai4dummies.pl\/index.php?rest_route=\/wp\/v2\/types\/page"}],"author":[{"embeddable":true,"href":"https:\/\/ai4dummies.pl\/index.php?rest_route=\/wp\/v2\/users\/1"}],"replies":[{"embeddable":true,"href":"https:\/\/ai4dummies.pl\/index.php?rest_route=%2Fwp%2Fv2%2Fcomments&post=25975"}],"version-history":[{"count":3,"href":"https:\/\/ai4dummies.pl\/index.php?rest_route=\/wp\/v2\/pages\/25975\/revisions"}],"predecessor-version":[{"id":26338,"href":"https:\/\/ai4dummies.pl\/index.php?rest_route=\/wp\/v2\/pages\/25975\/revisions\/26338"}],"wp:attachment":[{"href":"https:\/\/ai4dummies.pl\/index.php?rest_route=%2Fwp%2Fv2%2Fmedia&parent=25975"}],"curies":[{"name":"wp","href":"https:\/\/api.w.org\/{rel}","templated":true}]}}